{"id":3471,"date":"2023-07-16T15:53:04","date_gmt":"2023-07-16T15:53:04","guid":{"rendered":"https:\/\/anfcatania.it\/?page_id=3471"},"modified":"2023-08-03T16:13:38","modified_gmt":"2023-08-03T16:13:38","slug":"statuto","status":"publish","type":"page","link":"https:\/\/anfcatania.it\/index.php\/statuto\/","title":{"rendered":"STATUTO"},"content":{"rendered":"\t\t<div data-elementor-type=\"wp-page\" data-elementor-id=\"3471\" class=\"elementor elementor-3471\">\n\t\t\t\t\t\t\t<div class=\"elementor-element elementor-element-5b55839 e-flex e-con-boxed e-con e-parent\" data-id=\"5b55839\" data-element_type=\"container\" data-settings=\"{&quot;container_type&quot;:&quot;flex&quot;,&quot;content_width&quot;:&quot;boxed&quot;}\" data-core-v316-plus=\"true\">\n\t\t\t\t\t<div class=\"e-con-inner\">\n\t\t\t\t<div class=\"elementor-element elementor-element-2de1e08 elementor-widget elementor-widget-text-editor\" data-id=\"2de1e08\" data-element_type=\"widget\" data-widget_type=\"text-editor.default\">\n\t\t\t\t<div class=\"elementor-widget-container\">\n\t\t\t<style>\/*! elementor - v3.17.0 - 08-11-2023 *\/\n.elementor-widget-text-editor.elementor-drop-cap-view-stacked .elementor-drop-cap{background-color:#69727d;color:#fff}.elementor-widget-text-editor.elementor-drop-cap-view-framed .elementor-drop-cap{color:#69727d;border:3px solid;background-color:transparent}.elementor-widget-text-editor:not(.elementor-drop-cap-view-default) .elementor-drop-cap{margin-top:8px}.elementor-widget-text-editor:not(.elementor-drop-cap-view-default) .elementor-drop-cap-letter{width:1em;height:1em}.elementor-widget-text-editor .elementor-drop-cap{float:left;text-align:center;line-height:1;font-size:50px}.elementor-widget-text-editor .elementor-drop-cap-letter{display:inline-block}<\/style>\t\t\t\t<p><strong>STATUTO DELL&#8217;ASSOCIAZIONE NAZIONALE FORENSE CATANIA<\/strong><\/p>\n<p><strong>ART. 1 &#8211; GENERALITA\u2019<\/strong><\/p>\n<p>\u00c8 costituita l&#8217; &#8220;ASSOCIAZIONE NAZIONALE FORENSE CATANIA&#8221;, in breve &#8220;ANF CATANIA&#8221;, con sede in Catania, Via Guglielmo Oberdan, n. 116 F.<\/p>\n<p><strong>ART. 2 &#8211; APARTITICITA&#8217;<\/strong><\/p>\n<p>L&#8217;associazione \u00e8 apartitica e svolge la sua attivit\u00e0 in autonomia ed indipendenza da qualsiasi movimento politico, senza scopo di lucro.<\/p>\n<p><strong>ART. 3 &#8211; SCOPI<\/strong><\/p>\n<p>L&#8217;associazione si propone:<\/p>\n<ol>\n<li><strong>a) <\/strong>di rafforzare la solidariet\u00e0 professionale e la coscienza associativa degli avvocati per una pi\u00f9 efficace tutela degli interessi collettivi;<\/li>\n<li><strong>b) <\/strong>di promuovere ogni utile iniziativa per una pi\u00f9 efficace gestione, anche locale, del servizio giustizia, ove occorra, elevando proteste o promuovendo stati di agitazione nelle forme opportune;<\/li>\n<li><strong>c) <\/strong>di operare per l&#8217;affermazione del diritto inviolabile di azione e di difesa quale contenuto essenziale della libert\u00e0 dei cittadini e presupposto fondamentale per lo sviluppo democratico del Paese nel rispetto dei principi costituzionali, attuando ogni iniziativa diretta ad eliminare gli ostacoli che impediscono o rendono difficile il diritto di azione e di difesa, anche realizzando forme di patronato difensivo a tutela dei pi\u00f9 deboli;<\/li>\n<li><strong>d) <\/strong>di adoperarsi per assicurare ad ogni cittadino un giusto processo davanti ad un giudice indipendente ed imparziale, costituito secondo legge, al fine dell&#8217;accertamento, in tempi ragionevoli, sia dei suoi diritti e doveri, sia della eventuale fondatezza di ogni accusa, impegnandosi inoltre perch\u00e9 sia data piena attuazione all\u2019art. 111 della Costituzione in tutti i procedimenti;<\/li>\n<li><strong>e) <\/strong>di svolgere la propria attivit\u00e0 in armonia con le linee di sviluppo della collettivit\u00e0 europea, in rapporto collaborativo con le altre associazioni forensi e partecipando ad organismi internazionali;<\/li>\n<li><strong>f) <\/strong>di svolgere funzioni di tutela sindacale degli iscritti e, indirettamente, di tutti gli avvocati e praticanti avvocati;<\/li>\n<li><strong>g) <\/strong>di impegnarsi nell&#8217;individuazione degli interessi e degli obiettivi comuni a tutte le libere professioni intellettuali, cooperando per la loro tutela con tutti i soggetti rappresentativi delle professioni;<\/li>\n<li><strong>h) <\/strong>di sensibilizzare tutte le componenti al riconoscimento del ruolo e della funzione sociale dell&#8217;Avvocato quale difensore dei valori della Libert\u00e0 e dei diritti dei cittadini;<\/li>\n<li><strong>i) <\/strong>di favorire l&#8217;accesso dei cittadini alla giustizia ed al conseguimento dei diritti;<\/li>\n<li><strong>j) <\/strong>di promuovere la formazione e l&#8217;aggiornamento professionale, di organizzare e gestire corsi di formazione\/aggiornamento professionale, eventi e spettacoli, anche in collaborazione con altre Istituzioni pubbliche e private, nazionali e sovranazionali, nonch\u00e9 ogni altra iniziativa per il miglioramento della qualit\u00e0 ed affidabilit\u00e0 delle prestazioni intellettuali rese dagli studi legali, contribuendo all&#8217;approfondimento ed alla divulgazione dei problemi della societ\u00e0 moderna per adeguare il diritto<\/li>\n<li><strong>k) <\/strong>sostanziale e processuale alle esigenze della collettivit\u00e0 nazionale nel contesto europeo, anche istituendo delle biblioteche e videoteche a disposizione degli associati;<\/li>\n<li><strong>l) <\/strong>di promuove seminari ed incontri sulle suddette attivit\u00e0 ivi comprese quelle inerenti la tutela generale degli interessi dei cittadini favorendo interventi stragiudiziali e giudiziali per la riaffermazione e tutela degli stessi;<\/li>\n<li><strong>m) <\/strong>di promuovere l\u2019assistenza diretta, anche ai non iscritti, nelle controversie con soggetti produttori e\/o erogatori di beni e servizi, pubblici e privati, assicurando loro la difesa giudiziale, come singoli e come gruppi, dei diritti ed interessi individuali, collettivi e diffusi nonch\u00e9 di ottenere declaratorie di responsabilit\u00e0 dei soggetti produttori e\/o erogatori di beni e servizi, in relazione alle modalit\u00e0 ed alle condizioni della produzione ed erogazione stessa;<\/li>\n<li><strong>n)<\/strong> di partecipare ad Enti, Associazioni e Fondazioni che svolgono attivit\u00e0 ed abbiano scopi analoghi ai propri, promuovendone anche la costituzione;<\/li>\n<li><strong>o)<\/strong> di curare in sede locale la concreta attuazione di tutte le iniziative della Associazione Nazionale Forense, in campo nazionale ed internazionale.<\/li>\n<\/ol>\n<p>L\u2019associazione inoltre si impegna affinch\u00e9:<\/p>\n<p><strong>1)&nbsp;&nbsp;&nbsp;&nbsp;&nbsp;&nbsp;&nbsp;&nbsp;&nbsp;&nbsp; <\/strong>Siano tutelati il prestigio e gli interessi morali ed economici degli avvocati nonch\u00e9 dei giovani che intendono avviarsi alla professione;<\/p>\n<p><strong>2)<\/strong>&nbsp;&nbsp;&nbsp;&nbsp;&nbsp;&nbsp;&nbsp;&nbsp;&nbsp;&nbsp; Si realizzi un modello giurisdizionale tendenzialmente unico che, tenendo distinte ed autonome le funzioni dell\u2019avvocatura e della magistratura, contribuisca a perseguire la legalit\u00e0;<\/p>\n<p><strong>3)<\/strong>&nbsp;&nbsp;&nbsp;&nbsp;&nbsp;&nbsp;&nbsp;&nbsp;&nbsp;&nbsp; Siano&nbsp;&nbsp;&nbsp;&nbsp; salvaguardati&nbsp;&nbsp;&nbsp;&nbsp; i&nbsp;&nbsp;&nbsp;&nbsp;&nbsp;&nbsp;&nbsp;&nbsp;&nbsp;&nbsp;&nbsp;&nbsp;&nbsp;&nbsp; principi di&nbsp;&nbsp;&nbsp;&nbsp;&nbsp;&nbsp;&nbsp;&nbsp;&nbsp;&nbsp;&nbsp; terziet\u00e0, indipendenza ed autonomia del giudice nella responsabilit\u00e0 di tutti i soggetti del processo;<\/p>\n<p><strong>4)&nbsp;&nbsp;&nbsp;&nbsp;&nbsp;&nbsp;&nbsp;&nbsp;&nbsp;&nbsp; <\/strong>Sia concretamente riconosciuto il rango costituzionale dell\u2019esercizio della difesa e sia costituita l\u2019avvocatura come organo autonomo ed indipendente, partecipe a pieno titolo dello studio e della formazione delle norme che riguardano la giustizia nonch\u00e9 della gestione dell\u2019amministrazione giudiziaria.<\/p>\n<p><strong>ART. 4 \u2013 PATRIMONIO DELLA ASSOCIAZIONE<\/strong><\/p>\n<p>Il patrimonio dell\u2019associazione \u00e8 costituito dai beni che le potranno pervenire.<\/p>\n<p>Le spese per il funzionamento sono coperte dalle seguenti entrate che pure costituiscono patrimonio dell\u2019Associazione:<\/p>\n<ol>\n<li>Quote ordinarie annuali degli associati nella misura determinata dal Consiglio Direttivo;<\/li>\n<li>Quote straordinarie e\/o autotassazioni nella misura che sar\u00e0 determinata da Consiglio Direttivo in occasione di eventi ed iniziative di particolare rilevanza, attinenti allo scopo sociale;<\/li>\n<\/ol>\n<p><strong>III.<\/strong>&nbsp;&nbsp;&nbsp;&nbsp;&nbsp;&nbsp;&nbsp;&nbsp;&nbsp; Entrate derivanti da eventuali lasciti, donazioni, nonch\u00e9 da ogni altro provento realizzato o entrata comunque denominata;<\/p>\n<ol>\n<li>Da contributi&nbsp; versati&nbsp; da&nbsp; soggetti&nbsp; partecipanti&nbsp; a corsi, seminari, convegni, eventi comunque denominati organizzati dall\u2019Associazione da sola o in cooperazione con altri;<\/li>\n<li>Da contribuiti versati da soggetti che, condividendone la finalit\u00e0 siano interessati all\u2019attivit\u00e0 dell\u2019Associazione;<\/li>\n<li>Da contributi versati dagli iscritti anche in forza di apposite convenzioni, per i vantaggi offerti agli stessi.<\/li>\n<\/ol>\n<div><br><\/div>\n<p><strong>ART. 5 \u2013 ADESIONE ASSOCIATO<\/strong><\/p>\n<p>Possono essere iscritti all\u2019associazione gli Avvocati, e Praticanti avvocati iscritti negli appositi albi o registri. La relativa domanda va presentata per iscritto al Consiglio Direttivo che delibera, insindacabilmente, sulla sua accettazione.<\/p>\n<p>ART. 5 bis \u2013 AFFILIAZIONI<\/p>\n<p>Possono chiedere di affiliarsi quelle associazioni forensi costituite da avvocati e\/o praticanti avvocati che condividono gli obiettivi e le iniziative dell\u2019associazione. Sulla domanda di affiliazione delibera il Consiglio Direttivo, con decisione inappellabile.<\/p>\n<p>Le Associazioni affiliate partecipano ai lavori della Assemblea senza diritto al voto e sono comunque escluse dall\u2019elettorato passivo.<\/p>\n<p>Il Consiglio Direttivo determina il contributo dovuto dalle Associazioni affiliate.<\/p>\n<p><strong>ART. 6 \u2013 ISCRITTI<\/strong><\/p>\n<p>Gli iscritti all\u2019associazione sono tenuti:<\/p>\n<p>&#8211;&nbsp;&nbsp;&nbsp;&nbsp;&nbsp;&nbsp;&nbsp;&nbsp;&nbsp;&nbsp;&nbsp;&nbsp;&nbsp; All\u2019osservanza delle norme statutarie e delle deliberazioni degli organi dell\u2019Associazione;<\/p>\n<p>&#8211;&nbsp;&nbsp;&nbsp;&nbsp;&nbsp;&nbsp;&nbsp;&nbsp;&nbsp;&nbsp;&nbsp;&nbsp;&nbsp; A contribuire alla realizzazione degli scopi sociali;<\/p>\n<p>&#8211;&nbsp;&nbsp;&nbsp;&nbsp;&nbsp;&nbsp;&nbsp;&nbsp;&nbsp;&nbsp;&nbsp;&nbsp;&nbsp; Ad osservare i principi dell\u2019etica professionale e civica;<\/p>\n<p>&#8211;&nbsp;&nbsp;&nbsp;&nbsp;&nbsp;&nbsp;&nbsp;&nbsp;&nbsp;&nbsp;&nbsp;&nbsp;&nbsp; Al pagamento delle quote associative all\u2019associazione nella misura e nei termini fissati dal Consiglio Direttivo. Il socio potr\u00e0 essere espulso per violazione dei suoi obblighi.<\/p>\n<p>Hanno diritto al voto e possono essere eletti come componenti gli organi sociali, solo Soci che siano in regola con il pagamento delle quote ordinarie annuali.<\/p>\n<p>La qualit\u00e0 di socio non \u00e8 in alcun modo trasmissibile e si perde, in aggiunta a quanto innanzi, per morte o dimissioni, per sospensione\/cancellazione\/radiazione dall\u2019Albo o Registro di appartenenza.<\/p>\n<p>Le quote associative non sono in ogni caso ripetibili.<\/p>\n<p>Resta precisato che l&#8217;iscrizione all&#8217;associazione determina la piena accettazione di tutte le norme statutarie.<\/p>\n<p><strong>ART. 7 \u2013 ORGANI<\/strong><\/p>\n<p>Gli organi dell\u2019associazione sono:<\/p>\n<ol>\n<li>a) l&#8217;Assemblea;<\/li>\n<li>b) il Consiglio Direttivo;<\/li>\n<li>c) il Presidente;<\/li>\n<li>d) il Segretario;<\/li>\n<li>e) il Vice Presidente;<\/li>\n<li>f) il Tesoriere.<\/li>\n<\/ol>\n<div><br><\/div>\n<p><strong>ART. 8 \u2013 ASSEMBLEA DEI SOCI<\/strong><\/p>\n<p>L\u2019Assemblea \u00e8 l\u2019Organo sovrano dell\u2019associazione; essa \u00e8 costituita da tutti gli iscritti ed \u00e8 convocata in via ordinaria, almeno una volta l\u2019anno entro il mese di aprile, dal Consiglio Direttivo mediante posta elettronica certificata, almeno sette giorni prima, salvo i casi di urgenza, con l\u2019indicazione dell\u2019ordine del giorno nonch\u00e9 la data e l\u2019ora della riunione tanto in prima che in seconda convocazione.<\/p>\n<p>L\u2019Assemblea pu\u00f2 essere convocata in via straordinaria ogniqualvolta il Consiglio Direttivo lo ritenga opportuno, ovvero quando un decimo degli iscritti ne faccia richiesta al Consiglio Direttivo formulando l\u2019ordine del giorno.<\/p>\n<p>Nei casi di convocazione di urgenza l\u2019ordine del giorno non pu\u00f2 contenere proposte di modifiche statutarie.<\/p>\n<p>L\u2019assemblea \u00e8 presieduta dal Presidente dell\u2019associazione o, in sua assenza, dal Vice Presidente.<\/p>\n<p>Svolge le funzioni di redazione e sottoscrizione dei verbali il Segretario o in sua assenza, un componente del Consiglio Direttivo o un iscritto nominato dal Presidente.<\/p>\n<p><strong>ART. 9 \u2013 FUNZIONI DELL\u2019ASSEMBLEA<\/strong><\/p>\n<p>Spetta all\u2019 Assemblea:<\/p>\n<ol>\n<li>Determinare le linee generali dell\u2019attivit\u00e0 dell\u2019associazione;<\/li>\n<li>Eleggere i membri del Consiglio Direttivo;<\/li>\n<li>Approvare i bilanci preventivi e consuntivi:<\/li>\n<li>Approvare le modifiche allo Statuto, con la maggioranza dei due terzi dei presenti non morosi nel pagamento delle quote ordinarie annuali;<\/li>\n<li>Deliberare lo scioglimento dell\u2019associazione con la maggioranza dei due terzi di tutti gli iscritti non morosi nel pagamento delle quote ordinarie annuali.<\/li>\n<\/ol><div><br><\/div>\n<p><strong>ART. 10 \u2013 VALIDITA\u2019 DELL\u2019ASSEMBLEA<\/strong><\/p>\n<p>L\u2019Assemblea \u00e8 validamente costituita, in prima convocazione, con la presenza della met\u00e0 pi\u00f9 uno degli iscritti; in seconda convocazione, che deve avvenire almeno un\u2019ora dopo, qualunque sia il numero degli iscritti intervenuti. Ciascuno iscritto non pu\u00f2 avere pi\u00f9 di una delega.<\/p>\n<p><strong>ART. 11 \u2013 DELIBERAZIONI DELL\u2019ASSEMBLEA<\/strong><\/p>\n<p>L\u2019assemblea, tranne che per le ipotesi di cui ai punti 4 e 5 del precedente articolo 9, delibera a maggioranza dei votanti.<\/p>\n<p>Le votazioni di regola sono effettuate in modo palese salvo che, per motivi di opportunit\u00e0, l\u2019assemblea decida la votazione a scrutinio segreto.<\/p>\n<p>Le votazioni per l&#8217;elezioni dei componenti degli organi sociali sono effettuate con schede segrete tranne in caso di acclamazione.<\/p>\n<p><strong>ART. 12 \u2013 CONSIGLIO DIRETTIVO<\/strong><\/p>\n<p>Il Consiglio Direttivo \u00e8 l\u2019organo esecutivo dell\u2019associazione. Esso \u00e8 composto da un minimo di tre sino ad un massimo di cinque componenti.<\/p>\n<p>I membri del Consiglio Direttivo restano in carica tre esercizi sociali e scadono alla data dell&#8217;assemblea convocata&nbsp; per&nbsp; l&#8217;approvazione&nbsp; del&nbsp; bilancio&nbsp; relativo all&#8217;ultimo esercizio della loro carica. Ogni esercizio sociale inizia il giorno 1 gennaio e termina il 31 dicembre.<\/p>\n<p><strong>ART. 13 -FUNZIONI DEL CONSIGLIO<\/strong><\/p>\n<p>Spetta al Consiglio:<\/p>\n<p>&#8211;&nbsp;&nbsp;&nbsp;&nbsp;&nbsp;&nbsp;&nbsp;&nbsp;&nbsp;&nbsp;&nbsp;&nbsp;&nbsp; Attuare le deliberazioni della assemblea;<\/p>\n<p>&#8211;&nbsp;&nbsp;&nbsp;&nbsp;&nbsp;&nbsp;&nbsp;&nbsp;&nbsp;&nbsp;&nbsp;&nbsp;&nbsp; Perseguire gli scopi dell&#8217;associazione;<\/p>\n<p>&#8211;&nbsp;&nbsp;&nbsp;&nbsp;&nbsp;&nbsp;&nbsp;&nbsp;&nbsp;&nbsp;&nbsp;&nbsp;&nbsp; Amministrare il&nbsp; patrimonio sociale predisponendo annualmente il bilancio consuntivo e quello preventivo da\u00b7 sottoporre all&#8217;esame e all&#8217;approvazione della assemblea; determinare la quota associativa;<\/p>\n<p>&#8211;&nbsp;&nbsp;&nbsp;&nbsp;&nbsp;&nbsp;&nbsp;&nbsp;&nbsp;&nbsp;&nbsp;&nbsp;&nbsp; Nominare il responsabile del sito internet o della rivista telematica; \u00b7<\/p>\n<p>&#8211;&nbsp;&nbsp;&nbsp;&nbsp;&nbsp;&nbsp;&nbsp;&nbsp;&nbsp;&nbsp;&nbsp;&nbsp;&nbsp; Convocare l&#8217;assemblea degli iscritti;<\/p>\n<p>&#8211;&nbsp;&nbsp;&nbsp;&nbsp;&nbsp;&nbsp;&nbsp;&nbsp;&nbsp;&nbsp;&nbsp;&nbsp;&nbsp; Pronunciarsi sulle domande di ammissione e di recesso;<\/p>\n<p>&#8211;&nbsp;&nbsp;&nbsp;&nbsp;&nbsp;&nbsp;&nbsp;&nbsp;&nbsp;&nbsp;&nbsp;&nbsp;&nbsp; Deliberare l&#8217;espulsione dei soci;<\/p>\n<p>&#8211;&nbsp;&nbsp;&nbsp;&nbsp;&nbsp;&nbsp;&nbsp;&nbsp;&nbsp;&nbsp;&nbsp;&nbsp;&nbsp; Affidare specifici incarichi ai suoi componenti;<\/p>\n<p>&#8211;&nbsp;&nbsp;&nbsp;&nbsp;&nbsp;&nbsp;&nbsp;&nbsp;&nbsp;&nbsp;&nbsp;&nbsp;&nbsp; Istituire Commissioni di lavoro per l\u2019approfondimento e lo studio di problematiche e temi riguardanti la categoria nonch\u00e9 Comitati per l\u2019organizzazione di manifestazioni, di dibattiti, di convegni, della Biennale del Diritto delle Arti e del Teatro, etc.;<\/p>\n<p>&#8211;&nbsp;&nbsp;&nbsp;&nbsp;&nbsp;&nbsp;&nbsp;&nbsp;&nbsp;&nbsp;&nbsp;&nbsp;&nbsp; Adottare regolamenti interni per l&#8217;attuazione dello Statuto.<\/p>\n<p><strong>ART. 14 \u2013 RIUNIONI DEL CONSIGLIO DIRETTIVO<\/strong><\/p>\n<p>Il Consiglio Direttivo si riunisce su convocazione, anche telefonica del Presidente o del Vice Presidente o su iniziativa di almeno di tre dei suoi membri.<\/p>\n<p>La convocazione deve essere fatta con un preavviso di almeno 24 ore salvo i casi di urgenza.<\/p>\n<p>Il Consiglio \u00e8 validamente costituito con la presenza di almeno la met\u00e0 dei suoi componenti; delibera a maggioranza dei presenti.<\/p>\n<p>E&#8217; facolt\u00e0 del Presidente o del Vice Presidente invitare terze persone per discutere su problematiche specifiche a seconda degli argomenti da trattare.<\/p>\n<p><strong>ART. 15- IL PRESIDENTE<\/strong><\/p>\n<p>Il Presidente rappresenta l\u2019associazione ad ogni effetto di legge, ne \u00e8 il responsabile politico ed organizzativo, ne promuove l\u2019attivit\u00e0, da esecuzione alle delibere del Consiglio Direttivo.<\/p>\n<p>La carica di Presidente \u00e8 incompatibile con quella di Consigliere dell\u2019Ordine.<\/p>\n<p>In caso di assenza, di impedimento o di omissione, accertata dal Consiglio, \u00e8 sostituito dal Vice Presidente.<\/p>\n<p>Il Presidente ha poteri di firma per tutti gli atti di ordinaria amministrazione; per quelli di straordinaria amministrazione tale potere \u00e8 esercitato congiuntamente al segretario o al Tesoriere.<\/p>\n<p><strong>Art.16 &#8211; IL SEGRETARIO<\/strong><\/p>\n<p>&nbsp;Il segretario \u00e8 responsabile della tenuta dei registri e dei verbali dell&#8217;associazione. Controfirma unitamente al Presidente tutti i verbali. Coadiuva il Presidente nello svolgimento delle sue funzioni.<\/p>\n<p><strong>ART. 17 -IL TESORIERE<\/strong><\/p>\n<p>Il Tesoriere gestisce la contabilit\u00e0 e custodisce la cassa.<\/p>\n<p><strong>ART. 18- ELEZIONE DEI MEMBRI DEL CONSIGLIO DIRETTIVO<\/strong><\/p>\n<p>L\u2019Assemblea per l\u2019elezione dei membri cessati del Consiglio Direttivo viene convocata dal Consiglio Direttivo almeno dieci giorni prima della scadenza di quelli in carica.<\/p>\n<p>E&#8217; data facolt\u00e0 a ciascun socio eleggibile di presentare la propria candidatura per iscritto entro due giorni dalla adunanza prevista per l&#8217;elezione dei membri del Consiglio Direttivo.<\/p>\n<p>Il voto, segreto, si esprime per mezzo di schede che possono indicare fino a cinque candidati.<\/p>\n<p>Le schede con un numero di voti superiore a tale limite saranno annullate, mentre quelle con numero inferiore saranno valide.<\/p>\n<p>Decorse tre ore dall&#8217;inizio delle operazioni di voto, il Presidente del seggio, dopo aver ammesso a votare gli elettori che in quel momento si trovino nel seggio, dichiara chiusa la votazione; quindi, procede, pubblicamente, alle operazioni di scrutinio.<\/p>\n<p>Completato lo scrutinio, il Presidente ne dichiara il risultato e proclama eletti, fino a concorrenza di cinque membri (considerato in questo numero anche i membri non cessati), coloro che hanno ottenuto il maggior numero dei voti. A parit\u00e0 di voti \u00e8 eletto il socio pi\u00f9 anziano di et\u00e0.<\/p>\n<p>Ultimate le elezioni il Consiglio Direttivo si riunisce tempestivamente su iniziativa di uno qualsiasi dei suoi membri per la nomina, al suo interno, alle cariche di Presidente, Vice Presidente, Segretario e Tesoriere.<\/p>\n<p>La carica di Vice Presidente \u00e8 compatibile con quella di Segretario o Tesoriere.<\/p>\t\t\t\t\t\t<\/div>\n\t\t\t\t<\/div>\n\t\t\t\t\t<\/div>\n\t\t\t\t<\/div>\n\t\t\t\t\t\t\t<\/div>\n\t\t","protected":false},"excerpt":{"rendered":"<p>STATUTO DELL&#8217;ASSOCIAZIONE NAZIONALE FORENSE CATANIA ART. 1 &#8211; GENERALITA\u2019 \u00c8 costituita l&#8217; &#8220;ASSOCIAZIONE NAZIONALE FORENSE CATANIA&#8221;, in breve &#8220;ANF CATANIA&#8221;, con sede in Catania, Via Guglielmo Oberdan, n. 116 F. ART. 2 &#8211; APARTITICITA&#8217; L&#8217;associazione \u00e8 apartitica e svolge la sua attivit\u00e0 in autonomia ed indipendenza da qualsiasi movimento politico, senza scopo di lucro. ART. [&hellip;]<\/p>\n","protected":false},"author":1,"featured_media":0,"parent":0,"menu_order":0,"comment_status":"closed","ping_status":"closed","template":"","meta":{"om_disable_all_campaigns":false,"_monsterinsights_skip_tracking":false,"_monsterinsights_sitenote_active":false,"_monsterinsights_sitenote_note":"","_monsterinsights_sitenote_category":0,"footnotes":""},"class_list":["post-3471","page","type-page","status-publish","hentry"],"aioseo_notices":[],"_links":{"self":[{"href":"https:\/\/anfcatania.it\/index.php\/wp-json\/wp\/v2\/pages\/3471","targetHints":{"allow":["GET"]}}],"collection":[{"href":"https:\/\/anfcatania.it\/index.php\/wp-json\/wp\/v2\/pages"}],"about":[{"href":"https:\/\/anfcatania.it\/index.php\/wp-json\/wp\/v2\/types\/page"}],"author":[{"embeddable":true,"href":"https:\/\/anfcatania.it\/index.php\/wp-json\/wp\/v2\/users\/1"}],"replies":[{"embeddable":true,"href":"https:\/\/anfcatania.it\/index.php\/wp-json\/wp\/v2\/comments?post=3471"}],"version-history":[{"count":10,"href":"https:\/\/anfcatania.it\/index.php\/wp-json\/wp\/v2\/pages\/3471\/revisions"}],"predecessor-version":[{"id":3784,"href":"https:\/\/anfcatania.it\/index.php\/wp-json\/wp\/v2\/pages\/3471\/revisions\/3784"}],"wp:attachment":[{"href":"https:\/\/anfcatania.it\/index.php\/wp-json\/wp\/v2\/media?parent=3471"}],"curies":[{"name":"wp","href":"https:\/\/api.w.org\/{rel}","templated":true}]}}